{"id":9284,"date":"2023-09-22T11:59:27","date_gmt":"2023-09-22T08:59:27","guid":{"rendered":"https:\/\/muenpercussion.com\/?post_type=product&#038;p=9284"},"modified":"2025-11-23T14:26:31","modified_gmt":"2025-11-23T11:26:31","slug":"ceviz-balik-derili-tef-080-mm-bronz","status":"publish","type":"product","link":"https:\/\/muenpercussion.com\/en\/product\/ceviz-balik-derili-tef-080-mm-bronz\/","title":{"rendered":"Walnut Fish Skin Riq\u2013 0.80 mm Brass &amp; Bronze"},"content":{"rendered":"<p>Bal\u0131k Derili Tef<\/p>\n<p>O, kimine g\u00f6re mini bir drum-set, kimine g\u00f6re orkestra \u015fefi, kimine g\u00f6re solist bir enstr\u00fcman; b\u00fcy\u00fcl\u00fc bir sese sahip, kendi sihrini onu \u00e7alan\u0131n icras\u0131 ile ortaya \u00e7\u0131karan bir enstr\u00fcmand\u0131r tef. Evet, Muen Percussion olarak, biz de bu b\u00fcy\u00fcden etkilenerek standart \u00fcretim y\u00f6ntemlerinin yan\u0131 s\u0131ra bir enstr\u00fcmana i\u015flevsellik ve de\u011fer katma vizyonumuz do\u011frultusunda i\u015fe, enstr\u00fcmana uyumlu zil se\u00e7enekleri tasarlayarak ba\u015flad\u0131k. Bal\u0131k derisinin kendine has karakteristik sesine, ona daha uyumlu olacak bronz ve pirin\u00e7 metallerden, farkl\u0131 kal\u0131nl\u0131klarda ve farkl\u0131 d\u00f6vme \u00e7e\u015fitleriyle deri sesi, zil sesi aras\u0131nda uyum se\u00e7enekleri sa\u011flad\u0131k. 22 ve 23 cm \u00e7aplar\u0131ndaki teflerimiz i\u00e7in 0,80-0,90 mm kal\u0131nl\u0131\u011f\u0131nda d\u00f6vmesiz d\u00fcz ve 5 ayr\u0131 d\u00f6vme tekni\u011fiyle pirin\u00e7-bronz metallerden 6 farkl\u0131 zil se\u00e7ene\u011fi olu\u015fturarak tasarlad\u0131\u011f\u0131m\u0131z zil pimi vidas\u0131yla, zillerin temizli\u011fi ya da ayn\u0131 enstr\u00fcmanda, farkl\u0131 ziller kullanabilmeyi sa\u011flad\u0131k. Bal\u0131k derili teflerimizin, 3 katmandan olu\u015fan kay\u0131n ve ceviz a\u011fac\u0131 kasnaklar\u0131n\u0131; nat\u00fcrel, siyah, ye\u015fil, maun, teak renkleriyle ah\u015fap ya\u011f\u0131 ve mat vernik kullanarak renk skalas\u0131n\u0131 olu\u015fturup sizlerin be\u011fenisine sunuyoruz. Bize g\u00f6re, ergonomi ve tasar\u0131m\u0131n yan\u0131 s\u0131ra enstr\u00fcman \u015f\u0131kl\u0131\u011f\u0131yla da kendini g\u00f6stermelidir\u2026<\/p>\n<p>Enstr\u00fcmanlar\u0131m\u0131z, i\u00e7ten akort edilebilir olup ortalama 675-700-720 gr a\u011f\u0131rl\u0131\u011f\u0131ndad\u0131r. Teflerimizin y\u00fckseklik \u00f6l\u00e7\u00fcs\u00fc 5,8 cm\u2019dir. Akort anahtar\u0131 ve ta\u015f\u0131ma \u00e7antas\u0131 enstr\u00fcman\u0131m\u0131za dahildir.<\/p>\n<p><iframe title=\"Muen Percussion\" width=\"1380\" height=\"776\" src=\"https:\/\/www.youtube.com\/embed\/ay86XcsSYKY?feature=oembed\" frameborder=\"0\" allow=\"accelerometer; autoplay; clipboard-write; encrypted-media; gyroscope; picture-in-picture; web-share\" referrerpolicy=\"strict-origin-when-cross-origin\" allowfullscreen><\/iframe><\/p>","protected":false},"excerpt":{"rendered":"<p><a href=\"http:\/\/muenpercussion.com\/wp-content\/uploads\/2025\/09\/shippinglabelart-02_cut.png\"><img decoding=\"async\" class=\"alignnone wp-image-10913\" src=\"http:\/\/muenpercussion.com\/wp-content\/uploads\/2025\/09\/shippinglabelart-02_cut-300x114.png\" alt=\"\" width=\"158\" height=\"60\" srcset=\"https:\/\/muenpercussion.com\/wp-content\/uploads\/2025\/09\/shippinglabelart-02_cut-300x114.png 300w, https:\/\/muenpercussion.com\/wp-content\/uploads\/2025\/09\/shippinglabelart-02_cut-1024x389.png 1024w, https:\/\/muenpercussion.com\/wp-content\/uploads\/2025\/09\/shippinglabelart-02_cut-768x292.png 768w, https:\/\/muenpercussion.com\/wp-content\/uploads\/2025\/09\/shippinglabelart-02_cut-1536x584.png 1536w, https:\/\/muenpercussion.com\/wp-content\/uploads\/2025\/09\/shippinglabelart-02_cut-18x7.png 18w, https:\/\/muenpercussion.com\/wp-content\/uploads\/2025\/09\/shippinglabelart-02_cut-323x123.png 323w, https:\/\/muenpercussion.com\/wp-content\/uploads\/2025\/09\/shippinglabelart-02_cut-440x167.png 440w, https:\/\/muenpercussion.com\/wp-content\/uploads\/2025\/09\/shippinglabelart-02_cut-675x257.png 675w, https:\/\/muenpercussion.com\/wp-content\/uploads\/2025\/09\/shippinglabelart-02_cut-600x228.png 600w, https:\/\/muenpercussion.com\/wp-content\/uploads\/2025\/09\/shippinglabelart-02_cut-544x207.png 544w, https:\/\/muenpercussion.com\/wp-content\/uploads\/2025\/09\/shippinglabelart-02_cut.png 1939w\" sizes=\"(max-width: 158px) 100vw, 158px\" \/><\/a><\/p>\n<p><strong>Skin<\/strong>: Fish Skin<br \/>\n<strong>Diameter<\/strong>: 22 cm &#8211; 23 cm<br \/>\n<strong>Tuning System<\/strong>\u0130nternal System<br \/>\nWith soft bag<\/p>\n<p><b>\ud83c\udfb5 You can listen to the sounds of the bell models from the playlist below.<\/b><br \/>\n<iframe src=\"https:\/\/w.soundcloud.com\/player\/?url=https%3A\/\/api.soundcloud.com\/playlists\/2020925058&amp;color=%23ff5500&amp;auto_play=false&amp;hide_related=false&amp;show_comments=true&amp;show_user=true&amp;show_reposts=false&amp;show_teaser=true\" width=\"80%\" height=\"525\" frameborder=\"no\" scrolling=\"no\"><\/iframe><\/p>","protected":false},"featured_media":9822,"template":"","meta":[],"product_brand":[],"product_cat":[147],"product_tag":[],"class_list":{"0":"post-9284","1":"product","2":"type-product","3":"status-publish","4":"has-post-thumbnail","6":"product_cat-tef","8":"first","9":"instock","10":"taxable","11":"shipping-taxable","12":"purchasable","13":"product-type-variable"},"_links":{"self":[{"href":"https:\/\/muenpercussion.com\/en\/wp-json\/wp\/v2\/product\/9284","targetHints":{"allow":["GET"]}}],"collection":[{"href":"https:\/\/muenpercussion.com\/en\/wp-json\/wp\/v2\/product"}],"about":[{"href":"https:\/\/muenpercussion.com\/en\/wp-json\/wp\/v2\/types\/product"}],"version-history":[{"count":10,"href":"https:\/\/muenpercussion.com\/en\/wp-json\/wp\/v2\/product\/9284\/revisions"}],"predecessor-version":[{"id":10950,"href":"https:\/\/muenpercussion.com\/en\/wp-json\/wp\/v2\/product\/9284\/revisions\/10950"}],"wp:featuredmedia":[{"embeddable":true,"href":"https:\/\/muenpercussion.com\/en\/wp-json\/wp\/v2\/media\/9822"}],"wp:attachment":[{"href":"https:\/\/muenpercussion.com\/en\/wp-json\/wp\/v2\/media?parent=9284"}],"wp:term":[{"taxonomy":"product_brand","embeddable":true,"href":"https:\/\/muenpercussion.com\/en\/wp-json\/wp\/v2\/product_brand?post=9284"},{"taxonomy":"product_cat","embeddable":true,"href":"https:\/\/muenpercussion.com\/en\/wp-json\/wp\/v2\/product_cat?post=9284"},{"taxonomy":"product_tag","embeddable":true,"href":"https:\/\/muenpercussion.com\/en\/wp-json\/wp\/v2\/product_tag?post=9284"}],"curies":[{"name":"wp","href":"https:\/\/api.w.org\/{rel}","templated":true}]}}