{"id":10840,"date":"2025-09-19T16:54:22","date_gmt":"2025-09-19T13:54:22","guid":{"rendered":"https:\/\/muenpercussion.com\/urun\/zil-11-pirinc\/"},"modified":"2025-12-18T22:53:11","modified_gmt":"2025-12-18T19:53:11","slug":"zil-11-pirinc","status":"publish","type":"product","link":"https:\/\/muenpercussion.com\/en\/product\/zil-11-pirinc\/","title":{"rendered":"Cymbals 11 - Brass"},"content":{"rendered":"<p>Canl\u0131 ritimlerin vazge\u00e7ilmez tamamlay\u0131c\u0131s\u0131 olan tef zili, her t\u00fcrl\u00fc perk\u00fcsyon setine uyum sa\u011flar.<br \/>\nParlak ve net ses tonu sayesinde sahne performanslar\u0131ndan st\u00fcdyo kay\u0131tlar\u0131na kadar geni\u015f bir kullan\u0131m alan\u0131 sunar.<\/p>\n<p>Y\u00fcksek kaliteli metal ala\u015f\u0131mdan \u00fcretilmi\u015ftir.<br \/>\nEasy to install, durable structure.<br \/>\nProfesyonel ve amat\u00f6r perk\u00fcsyonistler i\u00e7in uygundur.<br \/>\nLatin, pop, oryantal ve d\u00fcnya m\u00fcziklerinde ritmi zenginle\u015ftirir.<br \/>\nRitminize \u0131\u015f\u0131lt\u0131 katmak i\u00e7in ideal bir se\u00e7im!<\/p>","protected":false},"excerpt":{"rendered":"<p><a href=\"http:\/\/muenpercussion.com\/wp-content\/uploads\/2025\/09\/shippinglabelart-02_cut.png\"><img decoding=\"async\" class=\"alignnone wp-image-10913\" src=\"http:\/\/muenpercussion.com\/wp-content\/uploads\/2025\/09\/shippinglabelart-02_cut-300x114.png\" alt=\"\" width=\"158\" height=\"60\" srcset=\"https:\/\/muenpercussion.com\/wp-content\/uploads\/2025\/09\/shippinglabelart-02_cut-300x114.png 300w, https:\/\/muenpercussion.com\/wp-content\/uploads\/2025\/09\/shippinglabelart-02_cut-1024x389.png 1024w, https:\/\/muenpercussion.com\/wp-content\/uploads\/2025\/09\/shippinglabelart-02_cut-768x292.png 768w, https:\/\/muenpercussion.com\/wp-content\/uploads\/2025\/09\/shippinglabelart-02_cut-1536x584.png 1536w, https:\/\/muenpercussion.com\/wp-content\/uploads\/2025\/09\/shippinglabelart-02_cut-18x7.png 18w, https:\/\/muenpercussion.com\/wp-content\/uploads\/2025\/09\/shippinglabelart-02_cut-323x123.png 323w, https:\/\/muenpercussion.com\/wp-content\/uploads\/2025\/09\/shippinglabelart-02_cut-440x167.png 440w, https:\/\/muenpercussion.com\/wp-content\/uploads\/2025\/09\/shippinglabelart-02_cut-675x257.png 675w, https:\/\/muenpercussion.com\/wp-content\/uploads\/2025\/09\/shippinglabelart-02_cut-600x228.png 600w, https:\/\/muenpercussion.com\/wp-content\/uploads\/2025\/09\/shippinglabelart-02_cut-544x207.png 544w, https:\/\/muenpercussion.com\/wp-content\/uploads\/2025\/09\/shippinglabelart-02_cut.png 1939w\" sizes=\"(max-width: 158px) 100vw, 158px\" \/><\/a><br \/>\n<strong>Cymbals :<\/strong> Replaceable<br \/>\n<b>\ud83c\udfb5 You can listen to the sounds of the bell models from the playlist below.<\/b><br \/>\n<iframe src=\"https:\/\/w.soundcloud.com\/player\/?url=https%3A\/\/api.soundcloud.com\/playlists\/2020925058&amp;color=%23ff5500&amp;auto_play=false&amp;hide_related=false&amp;show_comments=true&amp;show_user=true&amp;show_reposts=false&amp;show_teaser=true\" width=\"80%\" height=\"525\" frameborder=\"no\" scrolling=\"no\"><\/iframe><\/p>","protected":false},"featured_media":11251,"template":"","meta":[],"product_brand":[],"product_cat":[259],"product_tag":[],"class_list":{"0":"post-10840","1":"product","2":"type-product","3":"status-publish","4":"has-post-thumbnail","6":"product_cat-pirinc-ziller","8":"first","9":"instock","10":"taxable","11":"shipping-taxable","12":"purchasable","13":"product-type-simple"},"_links":{"self":[{"href":"https:\/\/muenpercussion.com\/en\/wp-json\/wp\/v2\/product\/10840","targetHints":{"allow":["GET"]}}],"collection":[{"href":"https:\/\/muenpercussion.com\/en\/wp-json\/wp\/v2\/product"}],"about":[{"href":"https:\/\/muenpercussion.com\/en\/wp-json\/wp\/v2\/types\/product"}],"version-history":[{"count":2,"href":"https:\/\/muenpercussion.com\/en\/wp-json\/wp\/v2\/product\/10840\/revisions"}],"predecessor-version":[{"id":10934,"href":"https:\/\/muenpercussion.com\/en\/wp-json\/wp\/v2\/product\/10840\/revisions\/10934"}],"wp:featuredmedia":[{"embeddable":true,"href":"https:\/\/muenpercussion.com\/en\/wp-json\/wp\/v2\/media\/11251"}],"wp:attachment":[{"href":"https:\/\/muenpercussion.com\/en\/wp-json\/wp\/v2\/media?parent=10840"}],"wp:term":[{"taxonomy":"product_brand","embeddable":true,"href":"https:\/\/muenpercussion.com\/en\/wp-json\/wp\/v2\/product_brand?post=10840"},{"taxonomy":"product_cat","embeddable":true,"href":"https:\/\/muenpercussion.com\/en\/wp-json\/wp\/v2\/product_cat?post=10840"},{"taxonomy":"product_tag","embeddable":true,"href":"https:\/\/muenpercussion.com\/en\/wp-json\/wp\/v2\/product_tag?post=10840"}],"curies":[{"name":"wp","href":"https:\/\/api.w.org\/{rel}","templated":true}]}}