{"id":9975,"date":"2024-04-23T10:43:07","date_gmt":"2024-04-23T07:43:07","guid":{"rendered":"https:\/\/muenpercussion.com\/?page_id=9975"},"modified":"2025-06-02T00:51:59","modified_gmt":"2025-06-01T21:51:59","slug":"kvkk","status":"publish","type":"page","link":"https:\/\/muenpercussion.com\/en\/kvkk\/","title":{"rendered":"GDPR"},"content":{"rendered":"<p><strong>INFORMATION AND CONSENT FORM ON THE PROCESSING AND TRANSFER OF PERSONAL DATA<\/strong><\/p>\n<p>Dear Customers, As Muen Percussion \u2013 (muenpercussion.com), we attach great importance to the security of your personal data. In this context, we would like to inform you about the processing purposes, legal reasons, collection methods, to whom and for what purposes your personal data can be transferred, and the rights granted to you under the Law on the Protection of Personal Data No. 6698 (KVKK), for all kinds of personal data belonging to individuals benefiting from our products and services and all persons associated with our company.<\/p>\n<p>In accordance with the KVKK, your personal data that you have shared with us through our website (\u201cwww.muenpercussion.com\u201d), our stores, and other channels, as the Data Controller, in line with our activity and service purposes and as explained in the KVKK; may be recorded, stored, preserved, updated, rearranged, disclosed to third parties in cases and to the extent permitted by the legislation, transferred, assigned, shared, classified, made anonymous, and processed in other ways listed in the KVKK.<\/p>\n<p>In this context, you give your explicit consent to the processing, transfer, sharing, and other operations mentioned above for your personal data, including special categories of personal data, shared with us by being included in our system, within the scope specified below, in accordance with the KVKK and other relevant legislation.<\/p>\n<p>&nbsp;<\/p>\n<p><strong>Purposes and Legal Reasons for Processing Your Personal Data:<\/strong><\/p>\n<p>M\u00fc\u015fterilerimizi daha iyi tan\u0131yarak ihtiya\u00e7lar\u0131n\u0131 anlamak,<br \/>\nM\u00fc\u015fterilerimiz ile ileti\u015fimimizi geli\u015ftirerek daha etkin ve kaliteli hizmet vermek,<br \/>\nSat\u0131\u015f, pazarlama, reklam ve tan\u0131t\u0131m faaliyetlerinin y\u00fcr\u00fct\u00fclebilmesi,<br \/>\nKurumsal ileti\u015fim ve etkinlik y\u00f6netimi aktivite ve s\u00fcre\u00e7lerinin i\u015fletilebilmesi,<br \/>\nM\u00fc\u015fterilerimize ki\u015fisel \u00fcr\u00fcn, hizmet ve teklif sunabilmek,<br \/>\n\u00dcr\u00fcn ve hizmetlerimiz hakk\u0131nda memnuniyetleri \u00f6l\u00e7mek,<br \/>\nM\u00fc\u015fterimizin istek ve ihtiya\u00e7lar\u0131 do\u011frultusunda \u00fcr\u00fcn ve hizmetlerimizi geli\u015ftirmek, \u00e7e\u015fitlendirmek i\u00e7in ve bunlarla birlikte gerekli kalite ve standart denetimlerimizi yapabilmek,<br \/>\nTo get to know our customers better and understand their needs, To improve our communication with our customers and provide more effective and quality service, To carry out sales, marketing, advertising, and promotion activities, To manage corporate communication and event management activities and processes, To offer personal products, services, and offers to our customers, To measure satisfaction with our products and services, To develop and diversify our products and services in line with the wishes and needs of our customers and to carry out our necessary quality and standard audits together with them, To carry out other sales, marketing, and CRM (Customer Relationship Management) activities, especially special advertising, campaigns, advantages, and other benefits to be offered to you, and tele-sales activities for the applications to be made to increase\/develop the quality of the services\/products offered to our customers, To carry out analyses and profiling studies for sales and marketing activities,<br \/>\nSat\u0131\u015f ve pazarlama faaliyetleri i\u00e7in yap\u0131lacak analizler, profilleme \u00e7al\u0131\u015fmalar\u0131,<\/p>\n<p>To send you commercial electronic messages if you give your consent through the checkbox on our website.<\/p>\n<p>Your personal data that you have shared with us will be processed in accordance with the legislation on the processing and protection of personal data, especially the Law No. 6698, and for the periods stipulated in other legislation, as long as the legitimate purposes mentioned above do not disappear.<\/p>\n<p>&nbsp;<\/p>\n<p><strong>Method of Collecting Your Personal Data:<\/strong><\/p>\n<p>Your personal data may be collected by our Company or real or legal persons who process data on behalf of our Company, verbally, in writing, or electronically, through the methods specified below, but not limited to those listed;<\/p>\n<p class=\"translation-block\">Membership form you fill out electronically or physically, <br>\nSocial networks that allow you to log in during membership or login to our websites, <br>\nContact forms you fill out to contact us on our websites or third-party websites,<br>\n Online shopping applications, cookies used to recognize you, our mobile applications, <br>\nVarious contracts you have signed with our Company and e-mails, faxes, and letters you have sent to our Company,<br>\n Third-party company(s) that process data on behalf of our Company or support our company at any stage of the membership program process,<br>\n Our employees, customer service channels including digital marketing and call center, <br>\nSocial media channels, use of search engines such as Google, etc., Market research companies and companies and programs that measure customer satisfaction,<br>\n Membership agreements and other contracts, campaigns, applications, forms, offers,<br>\n Our dealers, our franchises if any in the future, and other sales networks.<\/p>\n<p>&nbsp;<\/p>\n<p><strong>Transfer of Your Personal Data:<\/strong><\/p>\n<p>Your personal data may be shared with our Group Companies within the scope of the purposes listed above, in accordance with the KVKK and current legislation, and may be transferred to the persons specified below, but not limited to those listed, in line with the purposes of the service we provide;<\/p>\n<p class=\"translation-block\">Our business partners, business connections, performance assistants, dealers, and subcontractors in line with the purpose of the service we provide, regulatory and supervisory institutions, Due to the information technologies we use, servers located in the country or abroad and companies that provide this server support, and domestic\/foreign persons and institutions from which we receive physical server and\/or cloud services, Companies that process data on behalf of our Company, provide customer satisfaction measurement and profiling support, and provide support in matters where personal data needs to be processed, especially in the fields of sales and marketing, such as SMS, mailing, and archiving,<\/p>\n<p>&nbsp;<\/p>\n<p><strong>Your Rights as a Personal Data Owner Listed in Article 11 of the KVKK:<\/strong><\/p>\n<p>To learn whether your personal data is being processed,<br \/>\nTo request information if your personal data has been processed,<br \/>\nTo learn the purpose of processing your personal data and whether they are used in accordance with their purpose,<br \/>\nTo know the third parties to whom your personal data is transferred at home or abroad,<br \/>\nTo request the correction of your personal data if it is incomplete or incorrectly processed,<br \/>\nTo request its deletion or destruction to be evaluated within the principles of purpose, period, and legitimacy,<br \/>\nTo request that these operations be notified to third parties to whom the personal data has been transferred, in case of correction, deletion, or destruction of personal data,<br \/>\nTo object to a result against you arising from the analysis of processed data exclusively through automated systems, <br>To request compensation for the damage if you suffer damage due to the unlawful processing of personal data.<\/p>\n<p>In accordance with paragraph 1 of Article 13 of the KVKK, you can submit your request to exercise your rights mentioned above to our Company in writing, by personal application of the Applicant, through a Notary, by signing with a \"secure electronic signature\" defined in the Electronic Signature Law No. 5070 by the Applicant, and sending it to our Company's e-mail address.<\/p>\n<p>Adres : \u015eahkulu Mah. \u0130lk Belediye Cad. No:6 \u00c7inili Han Kat:3 D: 7A T\u00fcnel \u0130stanbul\/Beyo\u011flu<\/p>\n<p>E-posta Adresi : info@muenpercussion.com<\/p>\n<p>*We would like to emphasize that if you request the deletion, destruction, or anonymization of your Personal Data, you will exit our membership system and, in this context, you will not be able to benefit from the advantages provided by our membership system as of the relevant date.<\/p>\n<p>**I have read and understood the information text above, and I give my explicit consent to the collection of my personal data through the methods specified above and its processing for the purposes specified above, its transfer to the third parties mentioned above at home and abroad, its transfer\/sharing abroad for the specified purposes, by approving the membership agreement on www.muenpercussion.com or by sharing the confirmation code sent to my mobile phone with the store official in stores, again in electronic form, to the \"Muen Percussion\" Membership system.<\/p>","protected":false},"excerpt":{"rendered":"<p>K\u0130\u015e\u0130SEL VER\u0130LER\u0130N \u0130\u015eLENMES\u0130 VE AKTARILMASI HAKKINDA B\u0130LG\u0130LEND\u0130RME VE ONAY FORMU De\u011ferli M\u00fc\u015fterilerimiz, Muen Percussion \u2013 (muenpercussion.com) olarak, ki\u015fisel verilerinizin g\u00fcvenli\u011fi hususuna azami \u00f6nem vermekteyiz. Bu kapsamda, \u00fcr\u00fcn ve hizmetlerimizden faydalanan ki\u015filer ve \u015firketimiz ile ili\u015fkili t\u00fcm \u015fah\u0131slara ait her t\u00fcrl\u00fc ki\u015fisel verilerin, 6698 say\u0131l\u0131 Ki\u015fisel Verilerin Korunmas\u0131 Kanunu (KVKK)\u2019na uygun olarak, i\u015flenme ama\u00e7lar\u0131, hukuki nedenleri, [&hellip;]<\/p>","protected":false},"author":1,"featured_media":0,"parent":0,"menu_order":7,"comment_status":"closed","ping_status":"closed","template":"","meta":{"footnotes":""},"class_list":["post-9975","page","type-page","status-publish","hentry"],"_links":{"self":[{"href":"https:\/\/muenpercussion.com\/en\/wp-json\/wp\/v2\/pages\/9975","targetHints":{"allow":["GET"]}}],"collection":[{"href":"https:\/\/muenpercussion.com\/en\/wp-json\/wp\/v2\/pages"}],"about":[{"href":"https:\/\/muenpercussion.com\/en\/wp-json\/wp\/v2\/types\/page"}],"author":[{"embeddable":true,"href":"https:\/\/muenpercussion.com\/en\/wp-json\/wp\/v2\/users\/1"}],"replies":[{"embeddable":true,"href":"https:\/\/muenpercussion.com\/en\/wp-json\/wp\/v2\/comments?post=9975"}],"version-history":[{"count":2,"href":"https:\/\/muenpercussion.com\/en\/wp-json\/wp\/v2\/pages\/9975\/revisions"}],"predecessor-version":[{"id":9977,"href":"https:\/\/muenpercussion.com\/en\/wp-json\/wp\/v2\/pages\/9975\/revisions\/9977"}],"wp:attachment":[{"href":"https:\/\/muenpercussion.com\/en\/wp-json\/wp\/v2\/media?parent=9975"}],"curies":[{"name":"wp","href":"https:\/\/api.w.org\/{rel}","templated":true}]}}