{"id":2198,"date":"2018-05-30T15:55:35","date_gmt":"2018-05-30T15:55:35","guid":{"rendered":"http:\/\/local.test\/dici\/?page_id=2198"},"modified":"2025-06-02T00:49:21","modified_gmt":"2025-06-01T21:49:21","slug":"hakkimizda","status":"publish","type":"page","link":"https:\/\/muenpercussion.com\/en\/hakkimizda\/","title":{"rendered":"About us"},"content":{"rendered":"<div data-elementor-type=\"wp-post\" data-elementor-id=\"2198\" class=\"elementor elementor-2198\">\n\t\t\t\t\t\t\t\t\t<section class=\"elementor-section elementor-top-section elementor-element elementor-element-7d68236 elementor-section-full_width elementor-section-height-default elementor-section-height-default\" data-id=\"7d68236\" data-element_type=\"section\">\n\t\t\t\t\t\t<div class=\"elementor-container elementor-column-gap-default\">\n\t\t\t\t\t<div class=\"elementor-column elementor-col-100 elementor-top-column elementor-element elementor-element-36dd5a3\" data-id=\"36dd5a3\" data-element_type=\"column\">\n\t\t\t<div class=\"elementor-widget-wrap elementor-element-populated\">\n\t\t\t\t\t\t\t\t<div class=\"elementor-element elementor-element-2de157a underline elementor-widget elementor-widget-heading\" data-id=\"2de157a\" data-element_type=\"widget\" data-widget_type=\"heading.default\">\n\t\t\t\t<div class=\"elementor-widget-container\">\n\t\t\t<style>\/*! elementor - v3.12.0 - 29-03-2023 *\/\n.elementor-heading-title{padding:0;margin:0;line-height:1}.elementor-widget-heading .elementor-heading-title[class*=elementor-size-]>a{color:inherit;font-size:inherit;line-height:inherit}.elementor-widget-heading .elementor-heading-title.elementor-size-small{font-size:15px}.elementor-widget-heading .elementor-heading-title.elementor-size-medium{font-size:19px}.elementor-widget-heading .elementor-heading-title.elementor-size-large{font-size:29px}.elementor-widget-heading .elementor-heading-title.elementor-size-xl{font-size:39px}.elementor-widget-heading .elementor-heading-title.elementor-size-xxl{font-size:59px}<\/style><h2 class=\"elementor-heading-title elementor-size-default\">About us<\/h2>\t\t<\/div>\n\t\t\t\t<\/div>\n\t\t\t\t<section class=\"elementor-section elementor-inner-section elementor-element elementor-element-dded2f1 elementor-section-boxed elementor-section-height-default elementor-section-height-default\" data-id=\"dded2f1\" data-element_type=\"section\">\n\t\t\t\t\t\t<div class=\"elementor-container elementor-column-gap-default\">\n\t\t\t\t\t<div class=\"elementor-column elementor-col-100 elementor-inner-column elementor-element elementor-element-cd18850\" data-id=\"cd18850\" data-element_type=\"column\">\n\t\t\t<div class=\"elementor-widget-wrap elementor-element-populated\">\n\t\t\t\t\t\t\t\t<div class=\"elementor-element elementor-element-30cd9cb elementor-widget elementor-widget-text-editor\" data-id=\"30cd9cb\" data-element_type=\"widget\" data-widget_type=\"text-editor.default\">\n\t\t\t\t<div class=\"elementor-widget-container\">\n\t\t\t<style>\/*! elementor - v3.12.0 - 29-03-2023 *\/\n.elementor-widget-text-editor.elementor-drop-cap-view-stacked .elementor-drop-cap{background-color:#69727d;color:#fff}.elementor-widget-text-editor.elementor-drop-cap-view-framed .elementor-drop-cap{color:#69727d;border:3px solid;background-color:transparent}.elementor-widget-text-editor:not(.elementor-drop-cap-view-default) .elementor-drop-cap{margin-top:8px}.elementor-widget-text-editor:not(.elementor-drop-cap-view-default) .elementor-drop-cap-letter{width:1em;height:1em}.elementor-widget-text-editor .elementor-drop-cap{float:left;text-align:center;line-height:1;font-size:50px}.elementor-widget-text-editor .elementor-drop-cap-letter{display:inline-block}<\/style>\t\t\t\t<figure id=\"attachment_10391\" aria-describedby=\"caption-attachment-10391\" style=\"width: 300px\" class=\"wp-caption aligncenter\"><img decoding=\"async\" class=\"size-medium wp-image-10391\" style=\"pointer-events: none;\" src=\"http:\/\/muenpercussion.com\/wp-content\/uploads\/2025\/05\/muen-percussion-logo-300x142.png\" alt=\"muen-percussion-logo\" width=\"300\" height=\"142\" srcset=\"https:\/\/muenpercussion.com\/wp-content\/uploads\/2025\/05\/muen-percussion-logo-300x142.png 300w, https:\/\/muenpercussion.com\/wp-content\/uploads\/2025\/05\/muen-percussion-logo-1024x486.png 1024w, https:\/\/muenpercussion.com\/wp-content\/uploads\/2025\/05\/muen-percussion-logo-768x365.png 768w, https:\/\/muenpercussion.com\/wp-content\/uploads\/2025\/05\/muen-percussion-logo-1536x729.png 1536w, https:\/\/muenpercussion.com\/wp-content\/uploads\/2025\/05\/muen-percussion-logo-2048x972.png 2048w, https:\/\/muenpercussion.com\/wp-content\/uploads\/2025\/05\/muen-percussion-logo-323x153.png 323w, https:\/\/muenpercussion.com\/wp-content\/uploads\/2025\/05\/muen-percussion-logo-440x209.png 440w, https:\/\/muenpercussion.com\/wp-content\/uploads\/2025\/05\/muen-percussion-logo-675x321.png 675w, https:\/\/muenpercussion.com\/wp-content\/uploads\/2025\/05\/muen-percussion-logo-600x285.png 600w, https:\/\/muenpercussion.com\/wp-content\/uploads\/2025\/05\/muen-percussion-logo-544x258.png 544w\" sizes=\"(max-width: 300px) 100vw, 300px\" \/><figcaption id=\"caption-attachment-10391\" class=\"wp-caption-text\"><span style=\"color: #000000; font-size: 1.99995em;\">The sound of the tree\u2026<\/span><\/figcaption><\/figure><p class=\"translation-block\"><strong>As Muen Percussion<\/strong>, we set out with the idea of bringing instruments from the past to the present, aiming to create newer, more <strong>aesthetic<\/strong>, and <strong> better products<\/strong>, while also ensuring they are easy to use.<\/p><p class=\"translation-block\">With <strong>a quarter-century<\/strong> of instrument-making experience behind us, we are moving forward on this path with the right<strong> strategy<\/strong>, the right <strong>wood<\/strong>, and the <strong>right craftsmanship<\/strong>. We leave a mark on the sound and follow the path of sound with the touches we add to the bendir, made of a skin and wood, and the tambourine and its derivatives, consisting of a frame, skin, and cymbals.<\/p><p class=\"translation-block\">Our journey continues with a technique known in instrument making as <strong>\"steam bending.\" <\/strong> The soaked wood is steamed and bent in its solid form to create the frames of the instruments. Thus, while the fibrous structure of the wood is preserved, new instruments with new designs are brought into the world of music from the characteristics of its own body structure.<\/p><p class=\"p1 translation-block\">With the technique we use, we produce high-quality and aesthetic products by<strong> preserving the natural structure of the wood.<\/strong>  Each instrument is the result of meticulously processed materials and <strong>masterly knowledge<\/strong>. While bringing traditional craftsmanship together with modern approaches, <strong>as Muen Percussion,<\/strong> we carry the voice of tradition to the present day and aim to make the impressive power of music felt at every stage.<\/p><p><strong>Mustafa\u00a0\u0130\u015fleyen<\/strong><\/p>\t\t\t\t\t\t<\/div>\n\t\t\t\t<\/div>\n\t\t\t\t\t<\/div>\n\t\t<\/div>\n\t\t\t\t\t\t\t<\/div>\n\t\t<\/section>\n\t\t\t\t\t<\/div>\n\t\t<\/div>\n\t\t\t\t\t\t\t<\/div>\n\t\t<\/section>\n\t\t\t\t\t\t\t<\/div>","protected":false},"excerpt":{"rendered":"<p>Hikayemiz Muen Percussion olarak ge\u00e7mi\u015ften g\u00fcn\u00fcm\u00fcze uzanan enstr\u00fcmanlar\u0131 zaman\u0131n \u015fimdisi ile bulu\u015fturma fikrinden hareketle daha yeni, daha estetik ve daha iyi \u00fcr\u00fcnler ortaya \u00e7\u0131karmak, ayn\u0131 zamanda kolay kullan\u0131ml\u0131 olmalar\u0131n\u0131 sa\u011flamak amac\u0131yla yola \u00e7\u0131kt\u0131k. \u00c7eyrek as\u0131rl\u0131k enstr\u00fcmanistik deneyimin r\u00fczgar\u0131n\u0131 da arkam\u0131za alarak; do\u011fru strateji, do\u011fru a\u011fa\u00e7 ve do\u011fru i\u015f\u00e7ilik ile bu yolda ilerliyoruz. Bir deri ve [&hellip;]<\/p>","protected":false},"author":1,"featured_media":0,"parent":0,"menu_order":0,"comment_status":"closed","ping_status":"closed","template":"","meta":{"footnotes":""},"class_list":["post-2198","page","type-page","status-publish","hentry"],"_links":{"self":[{"href":"https:\/\/muenpercussion.com\/en\/wp-json\/wp\/v2\/pages\/2198","targetHints":{"allow":["GET"]}}],"collection":[{"href":"https:\/\/muenpercussion.com\/en\/wp-json\/wp\/v2\/pages"}],"about":[{"href":"https:\/\/muenpercussion.com\/en\/wp-json\/wp\/v2\/types\/page"}],"author":[{"embeddable":true,"href":"https:\/\/muenpercussion.com\/en\/wp-json\/wp\/v2\/users\/1"}],"replies":[{"embeddable":true,"href":"https:\/\/muenpercussion.com\/en\/wp-json\/wp\/v2\/comments?post=2198"}],"version-history":[{"count":38,"href":"https:\/\/muenpercussion.com\/en\/wp-json\/wp\/v2\/pages\/2198\/revisions"}],"predecessor-version":[{"id":10727,"href":"https:\/\/muenpercussion.com\/en\/wp-json\/wp\/v2\/pages\/2198\/revisions\/10727"}],"wp:attachment":[{"href":"https:\/\/muenpercussion.com\/en\/wp-json\/wp\/v2\/media?parent=2198"}],"curies":[{"name":"wp","href":"https:\/\/api.w.org\/{rel}","templated":true}]}}